{"id":7,"date":"2024-09-28T01:43:36","date_gmt":"2024-09-28T01:43:36","guid":{"rendered":"https:\/\/sigevento.com.br\/bioinsumosbrasil\/?page_id=7"},"modified":"2025-03-17T18:54:18","modified_gmt":"2025-03-17T18:54:18","slug":"home","status":"publish","type":"page","link":"https:\/\/sigevento.com.br\/bioinsumosbrasil\/","title":{"rendered":"F\u00f3rum Bio Insumos Brasil"},"content":{"rendered":"<div class=\"wpb-content-wrapper\"><p>[vc_row bg_type=&#8221;bg_color&#8221; bg_override=&#8221;full&#8221; bg_color_value=&#8221;#f7f7f7&#8243;][vc_column width=&#8221;1\/6&#8243;][\/vc_column][vc_column width=&#8221;2\/3&#8243;][vc_single_image image=&#8221;44&#8243; img_size=&#8221;full&#8221; css=&#8221;&#8221;][vc_column_text css=&#8221;&#8221;]F\u00f3rum Bioinsumos Brasil<\/p>\n<p>As inscri\u00e7\u00f5es para o F\u00f3rum Bioinsumos Brasil est\u00e3o encerradas!<\/p>\n<p>&nbsp;<\/p>\n<p>As vagas se esgotaram rapidamente, refletindo o grande interesse em debater sobre o futuro dos bioinsumos e seu papel no fortalecimento de pr\u00e1ticas sustent\u00e1veis na agricultura.<\/p>\n<p>Agradecemos a todos que se inscreveram! Nos vemos no pr\u00f3ximo dia 6, em Bras\u00edlia, no Unique Palace, a partir das 8h30.<\/p>\n<p>&nbsp;<\/p>\n<p>Quem n\u00e3o conseguiu garantir a inscri\u00e7\u00e3o e n\u00e3o quiser perder nenhum detalhe, continue acompanhando nossas redes sociais e o site da CropLife Brasil.<\/p>\n<p>As inscri\u00e7\u00f5es se encerraram, mas o debate segue aberto![\/vc_column_text][\/vc_column][vc_column width=&#8221;1\/6&#8243;][\/vc_column][\/vc_row][vc_row][vc_column width=&#8221;1\/6&#8243;][\/vc_column][vc_column width=&#8221;2\/3&#8243;][\/vc_column][vc_column width=&#8221;1\/6&#8243;][\/vc_column][\/vc_row]<\/p>\n<\/div>","protected":false},"excerpt":{"rendered":"<p>[vc_row bg_type=&#8221;bg_color&#8221; bg_override=&#8221;full&#8221; bg_color_value=&#8221;#f7f7f7&#8243;][vc_column width=&#8221;1\/6&#8243;][\/vc_column][vc_column width=&#8221;2\/3&#8243;][vc_single_image image=&#8221;44&#8243; img_size=&#8221;full&#8221; css=&#8221;&#8221;][vc_column_text css=&#8221;&#8221;]F\u00f3rum Bioinsumos Brasil As inscri\u00e7\u00f5es para o F\u00f3rum Bioinsumos Brasil est\u00e3o encerradas! &nbsp; As vagas se esgotaram rapidamente, refletindo o grande interesse em debater sobre o futuro dos bioinsumos e seu papel no fortalecimento de pr\u00e1ticas sustent\u00e1veis na agricultura. Agradecemos a todos que se inscreveram! Nos&hellip;<\/p>\n","protected":false},"author":1,"featured_media":17,"parent":0,"menu_order":0,"comment_status":"closed","ping_status":"closed","template":"template-microsite.php","meta":{"footnotes":""},"class_list":["post-7","page","type-page","status-publish","has-post-thumbnail","hentry","description-off"],"_links":{"self":[{"href":"https:\/\/sigevento.com.br\/bioinsumosbrasil\/wp-json\/wp\/v2\/pages\/7","targetHints":{"allow":["GET"]}}],"collection":[{"href":"https:\/\/sigevento.com.br\/bioinsumosbrasil\/wp-json\/wp\/v2\/pages"}],"about":[{"href":"https:\/\/sigevento.com.br\/bioinsumosbrasil\/wp-json\/wp\/v2\/types\/page"}],"author":[{"embeddable":true,"href":"https:\/\/sigevento.com.br\/bioinsumosbrasil\/wp-json\/wp\/v2\/users\/1"}],"replies":[{"embeddable":true,"href":"https:\/\/sigevento.com.br\/bioinsumosbrasil\/wp-json\/wp\/v2\/comments?post=7"}],"version-history":[{"count":13,"href":"https:\/\/sigevento.com.br\/bioinsumosbrasil\/wp-json\/wp\/v2\/pages\/7\/revisions"}],"predecessor-version":[{"id":48,"href":"https:\/\/sigevento.com.br\/bioinsumosbrasil\/wp-json\/wp\/v2\/pages\/7\/revisions\/48"}],"wp:featuredmedia":[{"embeddable":true,"href":"https:\/\/sigevento.com.br\/bioinsumosbrasil\/wp-json\/wp\/v2\/media\/17"}],"wp:attachment":[{"href":"https:\/\/sigevento.com.br\/bioinsumosbrasil\/wp-json\/wp\/v2\/media?parent=7"}],"curies":[{"name":"wp","href":"https:\/\/api.w.org\/{rel}","templated":true}]}}